{"id":1966,"date":"2022-11-04T12:55:59","date_gmt":"2022-11-04T12:55:59","guid":{"rendered":"https:\/\/www.clinicaversalles.cl\/?page_id=1966"},"modified":"2025-02-06T18:54:00","modified_gmt":"2025-02-06T18:54:00","slug":"emergencia","status":"publish","type":"page","link":"https:\/\/www.clinicaversalles.cl\/CL\/emergencia\/","title":{"rendered":"Emergencia"},"content":{"rendered":"<p>[et_pb_section fb_built=\u00bb1&#8243; custom_padding_last_edited=\u00bbon|tablet\u00bb admin_label=\u00bbConvenios\u00bb _builder_version=\u00bb4.18.0&#8243; _module_preset=\u00bbdefault\u00bb custom_padding=\u00bb0px||115px||false|false\u00bb custom_padding_tablet=\u00bb80px||40px||false|false\u00bb custom_padding_phone=\u00bb\u00bb collapsed=\u00bboff\u00bb global_colors_info=\u00bb{}\u00bb][et_pb_row column_structure=\u00bb1_2,1_2&#8243; admin_label=\u00bbTitulo convenios\u00bb _builder_version=\u00bb4.16&#8243; _module_preset=\u00bbdefault\u00bb width=\u00bb85%\u00bb max_width=\u00bb85%\u00bb custom_padding=\u00bb||10px||false|false\u00bb border_width_bottom=\u00bb1px\u00bb border_color_bottom=\u00bb#3B5277&#8243; global_colors_info=\u00bb{}\u00bb][et_pb_column type=\u00bb1_2&#8243; _builder_version=\u00bb4.16&#8243; _module_preset=\u00bbdefault\u00bb global_colors_info=\u00bb{}\u00bb custom_css_main_element_last_edited=\u00bbon|tablet\u00bb custom_css_main_element_tablet=\u00bbwidth:50%;\u00bb custom_css_main_element_phone=\u00bbwidth:100%;\u00bb][et_pb_text content_tablet=\u00bb\u00bb content_phone=\u00bb<\/p>\n<h2 style=%22text-align: center;%22>Convenios<\/h2>\n<p>\u00bb content_last_edited=\u00bbon|phone\u00bb _builder_version=\u00bb4.18.0&#8243; _module_preset=\u00bbdefault\u00bb text_font=\u00bb|800||on|||||\u00bb header_font=\u00bb||||||||\u00bb header_text_align=\u00bbcenter\u00bb header_2_font=\u00bb|800||on|||||\u00bb header_2_text_color=\u00bb#3B5277&#8243; header_2_letter_spacing=\u00bb2px\u00bb width_tablet=\u00bbauto\u00bb width_phone=\u00bbauto\u00bb width_last_edited=\u00bbon|tablet\u00bb max_width_tablet=\u00bb\u00bb max_width_phone=\u00bb\u00bb max_width_last_edited=\u00bbon|tablet\u00bb module_alignment_tablet=\u00bb\u00bb module_alignment_phone=\u00bbcenter\u00bb module_alignment_last_edited=\u00bbon|tablet\u00bb global_colors_info=\u00bb{}\u00bb custom_css_main_element_last_edited=\u00bbon|tablet\u00bb]<\/p>\n<h2>Emergencias<\/h2>\n<p>[\/et_pb_text][\/et_pb_column][et_pb_column type=\u00bb1_2&#8243; _builder_version=\u00bb4.16&#8243; _module_preset=\u00bbdefault\u00bb custom_css_main_element=\u00bbwidth:50%;\u00bb global_colors_info=\u00bb{}\u00bb custom_css_main_element_last_edited=\u00bbon|phone\u00bb custom_css_main_element_phone=\u00bbwidth:100%;\u00bb custom_css_main_element_tablet=\u00bbwidth:50%;\u00bb][et_pb_text content_tablet=\u00bb\u00bb content_phone=\u00bb<\/p>\n<p style=%22text-align: center;%22>Nos importa que tengas los mejores beneficios.<\/p>\n<p>\u00bb content_last_edited=\u00bbon|phone\u00bb _builder_version=\u00bb4.18.0&#8243; _module_preset=\u00bbdefault\u00bb text_text_color=\u00bb#3B5277&#8243; text_font_size=\u00bb18px\u00bb width_tablet=\u00bbauto\u00bb width_phone=\u00bb\u00bb width_last_edited=\u00bbon|tablet\u00bb max_width_tablet=\u00bb\u00bb max_width_phone=\u00bb\u00bb max_width_last_edited=\u00bbon|tablet\u00bb text_font_size_tablet=\u00bb16px\u00bb text_font_size_phone=\u00bb\u00bb text_font_size_last_edited=\u00bbon|tablet\u00bb module_alignment_tablet=\u00bb\u00bb module_alignment_phone=\u00bb\u00bb module_alignment_last_edited=\u00bbon|desktop\u00bb global_colors_info=\u00bb{}\u00bb]<\/p>\n<p style=\"text-align: right;\">La cordinaci\u00f3n es fundamental<\/p>\n<p>[\/et_pb_text][\/et_pb_column][\/et_pb_row][et_pb_row custom_padding_last_edited=\u00bbon|phone\u00bb admin_label=\u00bblogos convenios\u00bb _builder_version=\u00bb4.16&#8243; _module_preset=\u00bbdefault\u00bb width=\u00bb85%\u00bb max_width=\u00bb85%\u00bb custom_padding=\u00bb84px|||||\u00bb custom_padding_tablet=\u00bb\u00bb custom_padding_phone=\u00bb40px||||false|false\u00bb global_colors_info=\u00bb{}\u00bb][et_pb_column type=\u00bb4_4&#8243; _builder_version=\u00bb4.16&#8243; _module_preset=\u00bbdefault\u00bb global_colors_info=\u00bb{}\u00bb][et_pb_text _builder_version=\u00bb4.27.0&#8243; _module_preset=\u00bbdefault\u00bb header_4_line_height=\u00bb150%\u00bb width=\u00bb60%\u00bb width_tablet=\u00bb60%\u00bb width_phone=\u00bb100%\u00bb width_last_edited=\u00bbon|phone\u00bb max_width=\u00bb60%\u00bb max_width_tablet=\u00bb60%\u00bb max_width_phone=\u00bb100%\u00bb max_width_last_edited=\u00bbon|phone\u00bb module_alignment=\u00bbcenter\u00bb global_colors_info=\u00bb{}\u00bb]<\/p>\n<h1 style=\"text-align: center;\"><strong>Atenci\u00f3n de Urgencias Dentales en Cl\u00ednica Odontol\u00f3gica Versalles<\/strong> \ud83e\uddb7<\/h1>\n<p>&nbsp;<\/p>\n<h4>En Cl\u00ednica Odontol\u00f3gica Versalles, sabemos lo imprevistas y preocupantes que pueden ser las emergencias dentales. Un dolor intenso, una fractura dental, el desalojo de una restauraci\u00f3n o cualquier otra molestia inesperada pueden afectar tu bienestar y calidad de vida. Por eso, nuestro equipo de especialistas est\u00e1 preparado para atenderte con rapidez y profesionalismo, asegurando que recibas el mejor tratamiento en el menor tiempo posible.<\/h4>\n<h4>Contamos con dos sedes en Las Condes, equipadas con tecnolog\u00eda de vanguardia y un equipo de odont\u00f3logos altamente capacitados para brindarte la mejor atenci\u00f3n en situaciones de urgencia. Nuestro compromiso es ofrecerte soluciones efectivas y seguras, minimizando el dolor y previniendo complicaciones mayores.<\/h4>\n<h4>Si presentas una urgencia dental, es fundamental actuar con rapidez. Algunas situaciones, como infecciones, abscesos o traumatismos dentales, pueden agravarse si no se tratan a tiempo. Para garantizar una respuesta oportuna, te recomendamos contactarnos lo antes posible dentro de nuestro horario de atenci\u00f3n. Nuestro equipo te guiar\u00e1 en los pasos a seguir y coordinar\u00e1 tu atenci\u00f3n prioritaria en la sede m\u00e1s cercana.<\/h4>\n<p>[\/et_pb_text][et_pb_text _builder_version=\u00bb4.27.0&#8243; _module_preset=\u00bbdefault\u00bb text_text_color=\u00bb#3B5277&#8243; header_2_text_color=\u00bb#3B5277&#8243; background_color=\u00bb#ffe000&#8243; width=\u00bb60%\u00bb max_width=\u00bb60%\u00bb module_alignment=\u00bbcenter\u00bb custom_padding=\u00bb26px|106px|26px|106px|true|true\u00bb hover_enabled=\u00bb0&#8243; custom_css_main_element=\u00bbh1{line-heoght:150% !impora;}\u00bb border_radii=\u00bbon|9px|9px|9px|9px\u00bb global_colors_info=\u00bb{}\u00bb width_last_edited=\u00bbon|phone\u00bb sticky_enabled=\u00bb0&#8243; width_phone=\u00bb100%\u00bb max_width_last_edited=\u00bbon|phone\u00bb max_width_phone=\u00bb100%\u00bb width_tablet=\u00bb60%\u00bb max_width_tablet=\u00bb60%\u00bb]<\/p>\n<h2 style=\"text-align: center;\">En caso de urgencia<br \/>(dolor o desalojo de restauraci\u00f3n)<br \/>comunicarse durante el horario de<br \/>atenci\u00f3n a los siguientes \ud83d\udcde tel\u00e9fonos:<\/h2>\n<h2 style=\"text-align: center;\">+56 22 233 7223<br \/>+56 22 220 3362<br \/>+56 9 7217 4027<\/h2>\n<h2 style=\"text-align: center; text-transform: uppercase; font-size: 20px; margin-top: 20px;\"><strong>Horario de atenci\u00f3n:<\/strong><\/h2>\n<h2 style=\"text-align: center; line-height: 100%;\"><strong>Lunes a viernes 08:30 a 19:30 Hrs.<\/strong><\/h2>\n<h2 style=\"text-align: center;\"><strong>S\u00e1bado de 09:00 a 13:00 Hrs.<\/strong><\/h2>\n<p>[\/et_pb_text][\/et_pb_column][\/et_pb_row][\/et_pb_section]<\/p>\n","protected":false},"excerpt":{"rendered":"<p>EmergenciasLa cordinaci\u00f3n es fundamentalAtenci\u00f3n de Urgencias Dentales en Cl\u00ednica Odontol\u00f3gica Versalles \ud83e\uddb7 &nbsp; En Cl\u00ednica Odontol\u00f3gica Versalles, sabemos lo imprevistas y preocupantes que pueden ser las emergencias dentales. Un dolor intenso, una fractura dental, el desalojo de una restauraci\u00f3n o cualquier otra molestia inesperada pueden afectar tu bienestar y calidad de vida. Por eso, nuestro [&hellip;]<\/p>\n","protected":false},"author":1,"featured_media":0,"parent":0,"menu_order":0,"comment_status":"closed","ping_status":"closed","template":"","meta":{"_et_pb_use_builder":"on","_et_pb_old_content":"","_et_gb_content_width":"","footnotes":""},"class_list":["post-1966","page","type-page","status-publish","hentry"],"aioseo_notices":[],"_links":{"self":[{"href":"https:\/\/www.clinicaversalles.cl\/CL\/wp-json\/wp\/v2\/pages\/1966","targetHints":{"allow":["GET"]}}],"collection":[{"href":"https:\/\/www.clinicaversalles.cl\/CL\/wp-json\/wp\/v2\/pages"}],"about":[{"href":"https:\/\/www.clinicaversalles.cl\/CL\/wp-json\/wp\/v2\/types\/page"}],"author":[{"embeddable":true,"href":"https:\/\/www.clinicaversalles.cl\/CL\/wp-json\/wp\/v2\/users\/1"}],"replies":[{"embeddable":true,"href":"https:\/\/www.clinicaversalles.cl\/CL\/wp-json\/wp\/v2\/comments?post=1966"}],"version-history":[{"count":27,"href":"https:\/\/www.clinicaversalles.cl\/CL\/wp-json\/wp\/v2\/pages\/1966\/revisions"}],"predecessor-version":[{"id":3074,"href":"https:\/\/www.clinicaversalles.cl\/CL\/wp-json\/wp\/v2\/pages\/1966\/revisions\/3074"}],"wp:attachment":[{"href":"https:\/\/www.clinicaversalles.cl\/CL\/wp-json\/wp\/v2\/media?parent=1966"}],"curies":[{"name":"wp","href":"https:\/\/api.w.org\/{rel}","templated":true}]}}