{"id":2417,"date":"2023-08-03T19:35:52","date_gmt":"2023-08-03T19:35:52","guid":{"rendered":"https:\/\/www.clinicaversalles.cl\/?page_id=2417"},"modified":"2025-10-28T13:25:40","modified_gmt":"2025-10-28T13:25:40","slug":"promocion-dental","status":"publish","type":"page","link":"https:\/\/www.clinicaversalles.cl\/CL\/promocion-dental\/","title":{"rendered":"Promoci\u00f3n dental"},"content":{"rendered":"<p>[et_pb_section fb_built=\u00bb1&#8243; _builder_version=\u00bb4.19.0&#8243; _module_preset=\u00bbdefault\u00bb global_colors_info=\u00bb{}\u00bb][et_pb_row column_structure=\u00bb1_2,1_2&#8243; _builder_version=\u00bb4.27.0&#8243; _module_preset=\u00bbdefault\u00bb global_colors_info=\u00bb{}\u00bb][et_pb_column type=\u00bb1_2&#8243; _builder_version=\u00bb4.27.0&#8243; _module_preset=\u00bbdefault\u00bb global_colors_info=\u00bb{}\u00bb][et_pb_text _builder_version=\u00bb4.27.0&#8243; _module_preset=\u00bbdefault\u00bb header_text_color=\u00bbgcid-e01cf729-0910-4c7d-8d8d-8f68b31be32d\u00bb header_font_size=\u00bb36px\u00bb header_line_height=\u00bb1.2em\u00bb hover_enabled=\u00bb0&#8243; global_colors_info=\u00bb{%22gcid-e01cf729-0910-4c7d-8d8d-8f68b31be32d%22:%91%22header_text_color%22%93}\u00bb sticky_enabled=\u00bb0&#8243;]<\/p>\n<h1><strong>\u2728\ud83e\uddb7<br \/><\/strong>Campa\u00f1a promocional Evaluaci\u00f3n y diagnostico <strong><span>$22.990 <\/span>(Valor de referencia $60.613)<span> Incluye:<\/span><br \/><\/strong><\/h1>\n<p>[\/et_pb_text][\/et_pb_column][et_pb_column type=\u00bb1_2&#8243; _builder_version=\u00bb4.27.0&#8243; _module_preset=\u00bbdefault\u00bb global_colors_info=\u00bb{}\u00bb][et_pb_image src=\u00bbhttps:\/\/www.clinicaversalles.cl\/CL\/wp-content\/uploads\/2025\/10\/Promocion-evaluacion.jpg\u00bb alt=\u00bbProfesional mostrando radiograf\u00eda digital a paciente\u00bb title_text=\u00bbPromocion-evaluacion\u00bb _builder_version=\u00bb4.27.0&#8243; _module_preset=\u00bbdefault\u00bb global_colors_info=\u00bb{}\u00bb][\/et_pb_image][\/et_pb_column][\/et_pb_row][et_pb_row column_structure=\u00bb1_2,1_2&#8243; _builder_version=\u00bb4.19.0&#8243; _module_preset=\u00bbdefault\u00bb custom_margin_tablet=\u00bb\u00bb custom_margin_phone=\u00bb0px||||false|false\u00bb custom_margin_last_edited=\u00bbon|phone\u00bb custom_padding=\u00bb0px||||false|false\u00bb global_colors_info=\u00bb{}\u00bb][et_pb_column type=\u00bb1_2&#8243; _builder_version=\u00bb4.19.0&#8243; _module_preset=\u00bbdefault\u00bb global_colors_info=\u00bb{}\u00bb][et_pb_text _builder_version=\u00bb4.27.0&#8243; _module_preset=\u00bbdefault\u00bb header_line_height=\u00bb1.4em\u00bb header_3_text_color=\u00bbgcid-e01cf729-0910-4c7d-8d8d-8f68b31be32d\u00bb header_3_line_height=\u00bb1.4em\u00bb hover_enabled=\u00bb0&#8243; global_colors_info=\u00bb{%22gcid-e01cf729-0910-4c7d-8d8d-8f68b31be32d%22:%91%22header_3_text_color%22%93}\u00bb sticky_enabled=\u00bb0&#8243;]<\/p>\n<h1 style=\"color: #3b5277;\"><\/h1>\n<h3><strong>Incluye:<\/strong><\/h3>\n<ul>\n<li><span>Evaluaci\u00f3n y diagn\u00f3stico<\/span><\/li>\n<li><span>Radiograf\u00edas: Bite-Wing y panor\u00e1mica digital<\/span><\/li>\n<li><span>Plan de tratamiento inicial y presupuesto.<\/span><\/li>\n<\/ul>\n<p><!--<\/p>\n\n\n\n\n<h3><strong>Condiciones:<\/strong><strong><\/strong><\/h3>\n\n\n\n\n<ul>\n\n\n<li>Paciente debe agendar cita con Odontolog\u00eda General y solicitar beneficio al anunciarse en recepci\u00f3n<\/li>\n\n\n\n\n<li>Paciente no debe tener enfermedad periodontal<\/li>\n\n\n\n\n<li>Beneficio no acumulable con otros descuentos<\/li>\n\n\n<\/ul>\n\n\n\n\n<p>--><\/p>\n<h3><strong>Exclusiones:<\/strong><\/h3>\n<ul>\n<li><span>Promoci\u00f3n v\u00e1lida para pacientes nuevos y primera evaluaci\u00f3n.<\/span><\/li>\n<li><span>No acumulable con otros descuentos y\/o promociones.<\/span><\/li>\n<li><span>Vigencia: V\u00e1lido hasta el 31\/12\/2025<\/span><\/li>\n<\/ul>\n<p>[\/et_pb_text][et_pb_button _builder_version=\u00bb4.19.0&#8243; _module_preset=\u00bbdefault\u00bb global_colors_info=\u00bb{}\u00bb][\/et_pb_button][\/et_pb_column][et_pb_column type=\u00bb1_2&#8243; _builder_version=\u00bb4.19.0&#8243; _module_preset=\u00bbdefault\u00bb global_colors_info=\u00bb{}\u00bb][et_pb_text _builder_version=\u00bb4.19.0&#8243; _module_preset=\u00bbdefault\u00bb header_4_text_color=\u00bbgcid-e01cf729-0910-4c7d-8d8d-8f68b31be32d\u00bb custom_margin=\u00bb||17px|||\u00bb global_colors_info=\u00bb{%22gcid-e01cf729-0910-4c7d-8d8d-8f68b31be32d%22:%91%22header_4_text_color%22%93}\u00bb]<\/p>\n<h4 style=\"line-height: 150%;\"><strong>Puedes reservar una hora, contactarnos v\u00eda whatsapp, formulario de contacto o llamando al +56 22 2337 223<\/strong><\/h4>\n<p>[\/et_pb_text][et_pb_button button_url=\u00bbhttps:\/\/134adde734cce4e6154639927d8007b44d911f36.agenda.softwaredentalink.com\/agendas\/agendamiento\u00bb url_new_window=\u00bbon\u00bb button_text=\u00bbReserva una hora\u00bb button_alignment=\u00bbleft\u00bb module_class=\u00bbreserva\u00bb _builder_version=\u00bb4.19.0&#8243; _module_preset=\u00bbdefault\u00bb custom_button=\u00bbon\u00bb button_text_size=\u00bb13px\u00bb button_text_color=\u00bb#3B5277&#8243; button_bg_color=\u00bb#FFE000&#8243; button_border_width=\u00bb0px\u00bb button_border_radius=\u00bb20px\u00bb button_font=\u00bb|700||on|||||\u00bb button_use_icon=\u00bboff\u00bb custom_margin=\u00bb||10px|||\u00bb custom_padding=\u00bb|40px||40px|false|true\u00bb locked=\u00bboff\u00bb global_colors_info=\u00bb{}\u00bb][\/et_pb_button][et_pb_button button_url=\u00bbhttps:\/\/wa.link\/cw2itj\u00bb url_new_window=\u00bbon\u00bb button_text=\u00bbAGENDA EN SEDE EL GOLF V\u00cdA WHATSAPP\u00bb button_alignment=\u00bbleft\u00bb module_class=\u00bbwsp\u00bb _builder_version=\u00bb4.27.0&#8243; _module_preset=\u00bbdefault\u00bb custom_button=\u00bbon\u00bb button_text_size=\u00bb12px\u00bb button_text_color=\u00bb#FFFFFF\u00bb button_bg_color=\u00bb#3fd300&#8243; button_border_width=\u00bb0px\u00bb button_border_radius=\u00bb20px\u00bb button_font=\u00bb|700||on|||||\u00bb button_use_icon=\u00bboff\u00bb custom_margin=\u00bb0px||10px||false|false\u00bb custom_padding=\u00bb|40px||40px|false|true\u00bb locked=\u00bboff\u00bb global_colors_info=\u00bb{}\u00bb][\/et_pb_button][et_pb_button button_url=\u00bbhttps:\/\/wa.link\/5xcecx\u00bb url_new_window=\u00bbon\u00bb button_text=\u00bbAGENDA EN SEDE LOS DOMINICOS V\u00cdA WHATSAPP\u00bb button_alignment=\u00bbleft\u00bb module_class=\u00bbwsp\u00bb _builder_version=\u00bb4.27.0&#8243; _module_preset=\u00bbdefault\u00bb custom_button=\u00bbon\u00bb button_text_size=\u00bb12px\u00bb button_text_color=\u00bb#FFFFFF\u00bb button_bg_color=\u00bb#3fd300&#8243; button_border_width=\u00bb0px\u00bb button_border_radius=\u00bb20px\u00bb button_font=\u00bb|700||on|||||\u00bb button_use_icon=\u00bboff\u00bb custom_margin=\u00bb0px||||false|false\u00bb custom_padding=\u00bb|40px||40px|false|true\u00bb locked=\u00bboff\u00bb global_colors_info=\u00bb{}\u00bb][\/et_pb_button][et_pb_contact_form captcha=\u00bboff\u00bb email=\u00bbenorambuena@clinicaversalles.cl\u00bb title=\u00bbContacto\u00bb custom_message=\u00bbNombre de contacto: %%name%%||et_pb_line_break_holder||Email: %%Email%%||et_pb_line_break_holder||Tel\u00e9fono: %%telefono%%||et_pb_line_break_holder||Mensaje: %%message%%\u00bb success_message=\u00bbMuchas gracias por contactarte con nosotros\u00bb submit_button_text=\u00bbEnviar\u00bb _builder_version=\u00bb4.19.0&#8243; _module_preset=\u00bbdefault\u00bb _unique_id=\u00bbeca65e71-5b91-4748-a339-0f928f70f23d\u00bb custom_button=\u00bbon\u00bb button_text_size=\u00bb21px\u00bb button_text_color=\u00bb#FFFFFF\u00bb button_bg_color=\u00bb#3B5277&#8243; button_border_width=\u00bb0px\u00bb button_custom_margin=\u00bb||||false|false\u00bb locked=\u00bboff\u00bb global_colors_info=\u00bb{%22gcid-ec591040-d9a4-477e-92f0-1ec71642add3%22:%91%93}\u00bb][et_pb_contact_field field_id=\u00bbName\u00bb field_title=\u00bbNombre\u00bb fullwidth_field=\u00bbon\u00bb _builder_version=\u00bb4.16&#8243; global_colors_info=\u00bb{}\u00bb button_text_size__hover_enabled=\u00bboff\u00bb button_one_text_size__hover_enabled=\u00bboff\u00bb button_two_text_size__hover_enabled=\u00bboff\u00bb button_text_color__hover_enabled=\u00bboff\u00bb button_one_text_color__hover_enabled=\u00bboff\u00bb button_two_text_color__hover_enabled=\u00bboff\u00bb button_border_width__hover_enabled=\u00bboff\u00bb button_one_border_width__hover_enabled=\u00bboff\u00bb button_two_border_width__hover_enabled=\u00bboff\u00bb button_border_color__hover_enabled=\u00bboff\u00bb button_one_border_color__hover_enabled=\u00bboff\u00bb button_two_border_color__hover_enabled=\u00bboff\u00bb button_border_radius__hover_enabled=\u00bboff\u00bb button_one_border_radius__hover_enabled=\u00bboff\u00bb button_two_border_radius__hover_enabled=\u00bboff\u00bb button_letter_spacing__hover_enabled=\u00bboff\u00bb button_one_letter_spacing__hover_enabled=\u00bboff\u00bb button_two_letter_spacing__hover_enabled=\u00bboff\u00bb button_bg_color__hover_enabled=\u00bboff\u00bb button_one_bg_color__hover_enabled=\u00bboff\u00bb button_two_bg_color__hover_enabled=\u00bboff\u00bb][\/et_pb_contact_field][et_pb_contact_field field_id=\u00bbEmail\u00bb field_title=\u00bbEmail\u00bb field_type=\u00bbemail\u00bb _builder_version=\u00bb4.16&#8243; global_colors_info=\u00bb{}\u00bb button_text_size__hover_enabled=\u00bboff\u00bb button_one_text_size__hover_enabled=\u00bboff\u00bb button_two_text_size__hover_enabled=\u00bboff\u00bb button_text_color__hover_enabled=\u00bboff\u00bb button_one_text_color__hover_enabled=\u00bboff\u00bb button_two_text_color__hover_enabled=\u00bboff\u00bb button_border_width__hover_enabled=\u00bboff\u00bb button_one_border_width__hover_enabled=\u00bboff\u00bb button_two_border_width__hover_enabled=\u00bboff\u00bb button_border_color__hover_enabled=\u00bboff\u00bb button_one_border_color__hover_enabled=\u00bboff\u00bb button_two_border_color__hover_enabled=\u00bboff\u00bb button_border_radius__hover_enabled=\u00bboff\u00bb button_one_border_radius__hover_enabled=\u00bboff\u00bb button_two_border_radius__hover_enabled=\u00bboff\u00bb button_letter_spacing__hover_enabled=\u00bboff\u00bb button_one_letter_spacing__hover_enabled=\u00bboff\u00bb button_two_letter_spacing__hover_enabled=\u00bboff\u00bb button_bg_color__hover_enabled=\u00bboff\u00bb button_one_bg_color__hover_enabled=\u00bboff\u00bb button_two_bg_color__hover_enabled=\u00bboff\u00bb][\/et_pb_contact_field][et_pb_contact_field field_id=\u00bbtelefono\u00bb field_title=\u00bbTel\u00e9fono\u00bb _builder_version=\u00bb4.16&#8243; _module_preset=\u00bbdefault\u00bb global_colors_info=\u00bb{}\u00bb][\/et_pb_contact_field][et_pb_contact_field field_id=\u00bbMessage\u00bb field_title=\u00bbMensaje\u00bb field_type=\u00bbtext\u00bb fullwidth_field=\u00bbon\u00bb _builder_version=\u00bb4.16&#8243; global_colors_info=\u00bb{}\u00bb button_text_size__hover_enabled=\u00bboff\u00bb button_one_text_size__hover_enabled=\u00bboff\u00bb button_two_text_size__hover_enabled=\u00bboff\u00bb button_text_color__hover_enabled=\u00bboff\u00bb button_one_text_color__hover_enabled=\u00bboff\u00bb button_two_text_color__hover_enabled=\u00bboff\u00bb button_border_width__hover_enabled=\u00bboff\u00bb button_one_border_width__hover_enabled=\u00bboff\u00bb button_two_border_width__hover_enabled=\u00bboff\u00bb button_border_color__hover_enabled=\u00bboff\u00bb button_one_border_color__hover_enabled=\u00bboff\u00bb button_two_border_color__hover_enabled=\u00bboff\u00bb button_border_radius__hover_enabled=\u00bboff\u00bb button_one_border_radius__hover_enabled=\u00bboff\u00bb button_two_border_radius__hover_enabled=\u00bboff\u00bb button_letter_spacing__hover_enabled=\u00bboff\u00bb button_one_letter_spacing__hover_enabled=\u00bboff\u00bb button_two_letter_spacing__hover_enabled=\u00bboff\u00bb button_bg_color__hover_enabled=\u00bboff\u00bb button_one_bg_color__hover_enabled=\u00bboff\u00bb button_two_bg_color__hover_enabled=\u00bboff\u00bb][\/et_pb_contact_field][\/et_pb_contact_form][\/et_pb_column][\/et_pb_row][\/et_pb_section]<\/p>\n","protected":false},"excerpt":{"rendered":"<p>\u2728\ud83e\uddb7Campa\u00f1a promocional Evaluaci\u00f3n y diagnostico $22.990 (Valor de referencia $60.613) Incluye: Incluye: Evaluaci\u00f3n y diagn\u00f3stico Radiograf\u00edas: Bite-Wing y panor\u00e1mica digital Plan de tratamiento inicial y presupuesto. Exclusiones: Promoci\u00f3n v\u00e1lida para pacientes nuevos y primera evaluaci\u00f3n. No acumulable con otros descuentos y\/o promociones. Vigencia: V\u00e1lido hasta el 31\/12\/2025 Puedes reservar una hora, contactarnos v\u00eda whatsapp, formulario [&hellip;]<\/p>\n","protected":false},"author":1,"featured_media":0,"parent":0,"menu_order":0,"comment_status":"closed","ping_status":"closed","template":"","meta":{"_et_pb_use_builder":"on","_et_pb_old_content":"","_et_gb_content_width":"","footnotes":""},"class_list":["post-2417","page","type-page","status-publish","hentry"],"aioseo_notices":[],"_links":{"self":[{"href":"https:\/\/www.clinicaversalles.cl\/CL\/wp-json\/wp\/v2\/pages\/2417","targetHints":{"allow":["GET"]}}],"collection":[{"href":"https:\/\/www.clinicaversalles.cl\/CL\/wp-json\/wp\/v2\/pages"}],"about":[{"href":"https:\/\/www.clinicaversalles.cl\/CL\/wp-json\/wp\/v2\/types\/page"}],"author":[{"embeddable":true,"href":"https:\/\/www.clinicaversalles.cl\/CL\/wp-json\/wp\/v2\/users\/1"}],"replies":[{"embeddable":true,"href":"https:\/\/www.clinicaversalles.cl\/CL\/wp-json\/wp\/v2\/comments?post=2417"}],"version-history":[{"count":46,"href":"https:\/\/www.clinicaversalles.cl\/CL\/wp-json\/wp\/v2\/pages\/2417\/revisions"}],"predecessor-version":[{"id":3746,"href":"https:\/\/www.clinicaversalles.cl\/CL\/wp-json\/wp\/v2\/pages\/2417\/revisions\/3746"}],"wp:attachment":[{"href":"https:\/\/www.clinicaversalles.cl\/CL\/wp-json\/wp\/v2\/media?parent=2417"}],"curies":[{"name":"wp","href":"https:\/\/api.w.org\/{rel}","templated":true}]}}