{"id":3458,"date":"2025-08-05T13:55:04","date_gmt":"2025-08-05T13:55:04","guid":{"rendered":"https:\/\/www.clinicaversalles.cl\/?page_id=3458"},"modified":"2025-08-05T15:00:16","modified_gmt":"2025-08-05T15:00:16","slug":"referidos","status":"publish","type":"page","link":"https:\/\/www.clinicaversalles.cl\/CL\/referidos\/","title":{"rendered":"Referidos"},"content":{"rendered":"<p>[et_pb_section fb_built=\u00bb1&#8243; _builder_version=\u00bb4.19.0&#8243; _module_preset=\u00bbdefault\u00bb global_colors_info=\u00bb{}\u00bb][et_pb_row _builder_version=\u00bb4.27.0&#8243; _module_preset=\u00bbdefault\u00bb global_colors_info=\u00bb{}\u00bb][et_pb_column type=\u00bb4_4&#8243; _builder_version=\u00bb4.27.0&#8243; _module_preset=\u00bbdefault\u00bb global_colors_info=\u00bb{}\u00bb][et_pb_text _builder_version=\u00bb4.27.0&#8243; _module_preset=\u00bbdefault\u00bb text_text_color=\u00bbgcid-e01cf729-0910-4c7d-8d8d-8f68b31be32d\u00bb text_font_size=\u00bb22px\u00bb text_line_height=\u00bb1.9em\u00bb header_text_color=\u00bbgcid-e01cf729-0910-4c7d-8d8d-8f68b31be32d\u00bb global_colors_info=\u00bb{%22gcid-e01cf729-0910-4c7d-8d8d-8f68b31be32d%22:%91%22header_text_color%22,%22text_text_color%22%93}\u00bb]<\/p>\n<h1 style=\"text-align: center;\"><strong style=\"text-transform: uppercase;\">\u00a1Invita a un amigo y recibe un beneficio especial!<\/strong><\/h1>\n<p style=\"font-weight: 400;\">[\/et_pb_text][\/et_pb_column][\/et_pb_row][et_pb_row column_structure=\u00bb2_5,3_5&#8243; _builder_version=\u00bb4.27.0&#8243; _module_preset=\u00bbdefault\u00bb global_colors_info=\u00bb{}\u00bb][et_pb_column type=\u00bb2_5&#8243; _builder_version=\u00bb4.27.0&#8243; _module_preset=\u00bbdefault\u00bb global_colors_info=\u00bb{}\u00bb][et_pb_text _builder_version=\u00bb4.27.0&#8243; _module_preset=\u00bbdefault\u00bb text_text_color=\u00bbgcid-e01cf729-0910-4c7d-8d8d-8f68b31be32d\u00bb text_font_size=\u00bb22px\u00bb text_line_height=\u00bb1.9em\u00bb header_text_color=\u00bbgcid-e01cf729-0910-4c7d-8d8d-8f68b31be32d\u00bb global_colors_info=\u00bb{%22gcid-e01cf729-0910-4c7d-8d8d-8f68b31be32d%22:%91%22header_text_color%22,%22text_text_color%22%93}\u00bb]<\/p>\n<p><span><strong><\/strong>En Clinica Versalles queremos agradecer tu confianza. Por eso, si <b>refieres a un amigo o familiar<\/b>, t\u00fa recibir\u00e1s una <b>evaluaci\u00f3n diagn\u00f3stica y radiogr\u00e1fica sin costo<\/b> en tu pr\u00f3xima visita.<\/span><span><\/span><\/p>\n<p><span><\/span><\/p>\n<p style=\"font-weight: 400;\"><span>Es muy f\u00e1cil: solo dile a la persona que refieras que mencione tu nombre al momento de agendar su cita.<\/span><\/p>\n<p style=\"font-weight: 400;\"><span style=\"font-size: xx-large;\"><strong>\u00a1Cuidar sonrisas es mejor cuando lo hacemos juntos!<\/strong><\/span><\/p>\n<p>[\/et_pb_text][\/et_pb_column][et_pb_column type=\u00bb3_5&#8243; _builder_version=\u00bb4.27.0&#8243; _module_preset=\u00bbdefault\u00bb global_colors_info=\u00bb{}\u00bb][et_pb_image src=\u00bbhttps:\/\/www.clinicaversalles.cl\/CL\/wp-content\/uploads\/2025\/08\/referidos_int.png\u00bb title_text=\u00bbreferidos_int\u00bb _builder_version=\u00bb4.27.0&#8243; _module_preset=\u00bbdefault\u00bb hover_enabled=\u00bb0&#8243; global_colors_info=\u00bb{}\u00bb sticky_enabled=\u00bb0&#8243;][\/et_pb_image][et_pb_text _builder_version=\u00bb4.19.0&#8243; _module_preset=\u00bbdefault\u00bb header_4_text_color=\u00bbgcid-e01cf729-0910-4c7d-8d8d-8f68b31be32d\u00bb custom_margin=\u00bb||17px|||\u00bb global_colors_info=\u00bb{%22gcid-e01cf729-0910-4c7d-8d8d-8f68b31be32d%22:%91%22header_4_text_color%22%93}\u00bb]<\/p>\n<h4 style=\"line-height: 150%;\"><strong>Puedes reservar una hora, contactarnos v\u00eda whatsapp, formulario de contacto o llamando al +56 22 2337 223<\/strong><\/h4>\n<p>[\/et_pb_text][et_pb_button button_url=\u00bbhttps:\/\/134adde734cce4e6154639927d8007b44d911f36.agenda.softwaredentalink.com\/agendas\/agendamiento\u00bb url_new_window=\u00bbon\u00bb button_text=\u00bbReserva una hora\u00bb button_alignment=\u00bbleft\u00bb module_class=\u00bbreserva\u00bb _builder_version=\u00bb4.19.0&#8243; _module_preset=\u00bbdefault\u00bb custom_button=\u00bbon\u00bb button_text_size=\u00bb13px\u00bb button_text_color=\u00bb#3B5277&#8243; button_bg_color=\u00bb#FFE000&#8243; button_border_width=\u00bb0px\u00bb button_border_radius=\u00bb20px\u00bb button_font=\u00bb|700||on|||||\u00bb button_use_icon=\u00bboff\u00bb custom_margin=\u00bb||10px|||\u00bb custom_padding=\u00bb|40px||40px|false|true\u00bb locked=\u00bboff\u00bb global_colors_info=\u00bb{}\u00bb][\/et_pb_button][et_pb_button button_url=\u00bbhttps:\/\/wa.link\/cw2itj\u00bb url_new_window=\u00bbon\u00bb button_text=\u00bbAGENDA EN SEDE EL GOLF V\u00cdA WHATSAPP\u00bb button_alignment=\u00bbleft\u00bb module_class=\u00bbwsp\u00bb _builder_version=\u00bb4.27.0&#8243; _module_preset=\u00bbdefault\u00bb custom_button=\u00bbon\u00bb button_text_size=\u00bb12px\u00bb button_text_color=\u00bb#FFFFFF\u00bb button_bg_color=\u00bb#3fd300&#8243; button_border_width=\u00bb0px\u00bb button_border_radius=\u00bb20px\u00bb button_font=\u00bb|700||on|||||\u00bb button_use_icon=\u00bboff\u00bb custom_margin=\u00bb0px||10px||false|false\u00bb custom_padding=\u00bb|40px||40px|false|true\u00bb locked=\u00bboff\u00bb global_colors_info=\u00bb{}\u00bb][\/et_pb_button][et_pb_button button_url=\u00bbhttps:\/\/wa.link\/5xcecx\u00bb url_new_window=\u00bbon\u00bb button_text=\u00bbAGENDA EN SEDE LOS DOMINICOS V\u00cdA WHATSAPP\u00bb button_alignment=\u00bbleft\u00bb module_class=\u00bbwsp\u00bb _builder_version=\u00bb4.27.0&#8243; _module_preset=\u00bbdefault\u00bb custom_button=\u00bbon\u00bb button_text_size=\u00bb12px\u00bb button_text_color=\u00bb#FFFFFF\u00bb button_bg_color=\u00bb#3fd300&#8243; button_border_width=\u00bb0px\u00bb button_border_radius=\u00bb20px\u00bb button_font=\u00bb|700||on|||||\u00bb button_use_icon=\u00bboff\u00bb custom_margin=\u00bb0px||||false|false\u00bb custom_padding=\u00bb|40px||40px|false|true\u00bb locked=\u00bboff\u00bb global_colors_info=\u00bb{}\u00bb][\/et_pb_button][et_pb_code _builder_version=\u00bb4.27.0&#8243; _module_preset=\u00bbdefault\u00bb custom_margin=\u00bb0px||0px||false|false\u00bb custom_padding=\u00bb0px||0px||false|false\u00bb global_colors_info=\u00bb{}\u00bb]<iframe<!-- [et_pb_line_break_holder] -->    src=\u00bbhttps:\/\/api.leadconnectorhq.com\/widget\/form\/kfYVQXsdXS9Fh6hTmS0n\u00bb<!-- [et_pb_line_break_holder] -->    style=\u00bbwidth:100%;height:100%;border:none;border-radius:3px\u00bb<!-- [et_pb_line_break_holder] -->    id=\u00bbinline-kfYVQXsdXS9Fh6hTmS0n\u00bb <!-- [et_pb_line_break_holder] -->    data-layout=\u00bb{&#8216;id&#8217;:&#8217;INLINE&#8217;}\u00bb<!-- [et_pb_line_break_holder] -->    data-trigger-type=\u00bbalwaysShow\u00bb<!-- [et_pb_line_break_holder] -->    data-trigger-value=\u00bb\u00bb<!-- [et_pb_line_break_holder] -->    data-activation-type=\u00bbalwaysActivated\u00bb<!-- [et_pb_line_break_holder] -->    data-activation-value=\u00bb\u00bb<!-- [et_pb_line_break_holder] -->    data-deactivation-type=\u00bbneverDeactivate\u00bb<!-- [et_pb_line_break_holder] -->    data-deactivation-value=\u00bb\u00bb<!-- [et_pb_line_break_holder] -->    data-form-name=\u00bbFormulario Referidos\u00bb<!-- [et_pb_line_break_holder] -->    data-height=\u00bb548&#8243;<!-- [et_pb_line_break_holder] -->    data-layout-iframe-id=\u00bbinline-kfYVQXsdXS9Fh6hTmS0n\u00bb<!-- [et_pb_line_break_holder] -->    data-form-id=\u00bbkfYVQXsdXS9Fh6hTmS0n\u00bb<!-- [et_pb_line_break_holder] -->    title=\u00bbFormulario Referidos\u00bb<!-- [et_pb_line_break_holder] -->        ><!-- [et_pb_line_break_holder] --><\/iframe><!-- [et_pb_line_break_holder] --><script src=\"https:\/\/link.msgsndr.com\/js\/form_embed.js\"><\/script>[\/et_pb_code][\/et_pb_column][\/et_pb_row][\/et_pb_section]<\/p>\n","protected":false},"excerpt":{"rendered":"<p>\u00a1Invita a un amigo y recibe un beneficio especial! En Clinica Versalles queremos agradecer tu confianza. Por eso, si refieres a un amigo o familiar, t\u00fa recibir\u00e1s una evaluaci\u00f3n diagn\u00f3stica y radiogr\u00e1fica sin costo en tu pr\u00f3xima visita. Es muy f\u00e1cil: solo dile a la persona que refieras que mencione tu nombre al momento de [&hellip;]<\/p>\n","protected":false},"author":1,"featured_media":0,"parent":0,"menu_order":0,"comment_status":"closed","ping_status":"closed","template":"","meta":{"_et_pb_use_builder":"on","_et_pb_old_content":"","_et_gb_content_width":"","footnotes":""},"class_list":["post-3458","page","type-page","status-publish","hentry"],"aioseo_notices":[],"_links":{"self":[{"href":"https:\/\/www.clinicaversalles.cl\/CL\/wp-json\/wp\/v2\/pages\/3458","targetHints":{"allow":["GET"]}}],"collection":[{"href":"https:\/\/www.clinicaversalles.cl\/CL\/wp-json\/wp\/v2\/pages"}],"about":[{"href":"https:\/\/www.clinicaversalles.cl\/CL\/wp-json\/wp\/v2\/types\/page"}],"author":[{"embeddable":true,"href":"https:\/\/www.clinicaversalles.cl\/CL\/wp-json\/wp\/v2\/users\/1"}],"replies":[{"embeddable":true,"href":"https:\/\/www.clinicaversalles.cl\/CL\/wp-json\/wp\/v2\/comments?post=3458"}],"version-history":[{"count":10,"href":"https:\/\/www.clinicaversalles.cl\/CL\/wp-json\/wp\/v2\/pages\/3458\/revisions"}],"predecessor-version":[{"id":3477,"href":"https:\/\/www.clinicaversalles.cl\/CL\/wp-json\/wp\/v2\/pages\/3458\/revisions\/3477"}],"wp:attachment":[{"href":"https:\/\/www.clinicaversalles.cl\/CL\/wp-json\/wp\/v2\/media?parent=3458"}],"curies":[{"name":"wp","href":"https:\/\/api.w.org\/{rel}","templated":true}]}}