{"id":3606,"date":"2025-10-02T14:58:45","date_gmt":"2025-10-02T14:58:45","guid":{"rendered":"https:\/\/www.clinicaversalles.cl\/?page_id=3606"},"modified":"2025-10-08T11:55:30","modified_gmt":"2025-10-08T11:55:30","slug":"estetica-facial","status":"publish","type":"page","link":"https:\/\/www.clinicaversalles.cl\/CL\/estetica-facial\/","title":{"rendered":"Est\u00e9tica Facial"},"content":{"rendered":"<p>[et_pb_section fb_built=\u00bb1&#8243; fullwidth=\u00bbon\u00bb admin_label=\u00bbSlider inicial\u00bb _builder_version=\u00bb4.27.0&#8243; _module_preset=\u00bbdefault\u00bb custom_margin=\u00bb-186px||||false|false\u00bb global_colors_info=\u00bb{}\u00bb][et_pb_fullwidth_slider _builder_version=\u00bb4.27.0&#8243; _module_preset=\u00bbdefault\u00bb global_colors_info=\u00bb{}\u00bb][et_pb_slide _builder_version=\u00bb4.27.0&#8243; _module_preset=\u00bbdefault\u00bb body_text_color=\u00bb#3B5277&#8243; body_font_size=\u00bb24px\u00bb background_enable_color=\u00bboff\u00bb background_image=\u00bbhttps:\/\/www.clinicaversalles.cl\/CL\/wp-content\/uploads\/2025\/10\/estetica-facial-slider.jpg\u00bb background_enable_image=\u00bbon\u00bb width=\u00bb100%\u00bb max_width=\u00bb100%\u00bb custom_padding=\u00bb||||false|false\u00bb custom_css_main_element=\u00bbheight:544px !important;\u00bb custom_css_slide_description=\u00bbbackground-color:rgba(255,255,255,0.7);||width:50%;||text-shadow:none;||margin:180px auto 0px;;||padding:20px;||line-height:180%;||||\u00bb global_colors_info=\u00bb{%22gcid-ec591040-d9a4-477e-92f0-1ec71642add3%22:%91%93}\u00bb sticky_transition=\u00bbon\u00bb]<\/p>\n<p>Rejuvenece tu piel con tratamientos<br \/>que hidratan, revitalizan y suavizan<\/p>\n<p>[\/et_pb_slide][\/et_pb_fullwidth_slider][\/et_pb_section][et_pb_section fb_built=\u00bb1&#8243; custom_padding_last_edited=\u00bbon|tablet\u00bb admin_label=\u00bbTecnolog\u00edas\u00bb _builder_version=\u00bb4.27.0&#8243; _module_preset=\u00bbdefault\u00bb custom_padding=\u00bb100px||70px||false|false\u00bb custom_padding_tablet=\u00bb80px||40px||false|false\u00bb custom_padding_phone=\u00bb\u00bb collapsed=\u00bboff\u00bb global_colors_info=\u00bb{}\u00bb][et_pb_row column_structure=\u00bb1_2,1_2&#8243; admin_label=\u00bbTitulo convenios\u00bb _builder_version=\u00bb4.16&#8243; _module_preset=\u00bbdefault\u00bb width=\u00bb85%\u00bb max_width=\u00bb85%\u00bb custom_padding=\u00bb||10px||false|false\u00bb border_width_bottom=\u00bb1px\u00bb border_color_bottom=\u00bb#3B5277&#8243; global_colors_info=\u00bb{}\u00bb][et_pb_column type=\u00bb1_2&#8243; _builder_version=\u00bb4.16&#8243; _module_preset=\u00bbdefault\u00bb global_colors_info=\u00bb{}\u00bb custom_css_main_element_last_edited=\u00bbon|tablet\u00bb custom_css_main_element_tablet=\u00bbwidth:50%;\u00bb custom_css_main_element_phone=\u00bbwidth:100%;\u00bb][et_pb_text content_tablet=\u00bb\u00bb content_phone=\u00bb<\/p>\n<h2 style=%22text-align: center;%22>Convenios<\/h2>\n<p>\u00bb content_last_edited=\u00bbon|phone\u00bb _builder_version=\u00bb4.27.0&#8243; _module_preset=\u00bbdefault\u00bb text_font=\u00bb|800||on|||||\u00bb header_font=\u00bb|800||on|||||\u00bb header_text_align=\u00bbleft\u00bb header_text_color=\u00bbgcid-e01cf729-0910-4c7d-8d8d-8f68b31be32d\u00bb header_font_size=\u00bb26px\u00bb header_letter_spacing=\u00bb2px\u00bb header_2_font=\u00bb|800||on|||||\u00bb header_2_text_color=\u00bb#3B5277&#8243; header_2_letter_spacing=\u00bb2px\u00bb width_tablet=\u00bbauto\u00bb width_phone=\u00bbauto\u00bb width_last_edited=\u00bbon|tablet\u00bb max_width_tablet=\u00bb\u00bb max_width_phone=\u00bb\u00bb max_width_last_edited=\u00bbon|tablet\u00bb module_alignment_tablet=\u00bb\u00bb module_alignment_phone=\u00bbcenter\u00bb module_alignment_last_edited=\u00bbon|tablet\u00bb global_colors_info=\u00bb{%22gcid-e01cf729-0910-4c7d-8d8d-8f68b31be32d%22:%91%22header_text_color%22%93}\u00bb custom_css_main_element_last_edited=\u00bbon|tablet\u00bb]<\/p>\n<h1><span>Est\u00e9tica Facial<\/span><\/h1>\n<p>[\/et_pb_text][\/et_pb_column][et_pb_column type=\u00bb1_2&#8243; _builder_version=\u00bb4.16&#8243; _module_preset=\u00bbdefault\u00bb custom_css_main_element=\u00bbwidth:50%;\u00bb global_colors_info=\u00bb{}\u00bb custom_css_main_element_last_edited=\u00bbon|phone\u00bb custom_css_main_element_phone=\u00bbwidth:100%;\u00bb custom_css_main_element_tablet=\u00bbwidth:50%;\u00bb][et_pb_text content_tablet=\u00bb\u00bb content_phone=\u00bb<\/p>\n<p style=%22text-align: center;%22>Nos importa que tengas los mejores beneficios.<\/p>\n<p>\u00bb content_last_edited=\u00bbon|phone\u00bb _builder_version=\u00bb4.27.0&#8243; _module_preset=\u00bbdefault\u00bb text_text_color=\u00bb#3B5277&#8243; text_font_size=\u00bb18px\u00bb width_tablet=\u00bbauto\u00bb width_phone=\u00bb\u00bb width_last_edited=\u00bbon|tablet\u00bb max_width_tablet=\u00bb\u00bb max_width_phone=\u00bb\u00bb max_width_last_edited=\u00bbon|tablet\u00bb text_font_size_tablet=\u00bb16px\u00bb text_font_size_phone=\u00bb\u00bb text_font_size_last_edited=\u00bbon|tablet\u00bb module_alignment_tablet=\u00bb\u00bb module_alignment_phone=\u00bb\u00bb module_alignment_last_edited=\u00bbon|desktop\u00bb global_colors_info=\u00bb{}\u00bb]<\/p>\n<p style=\"text-align: right;\"><span>Tu rostro, m\u00e1s radiante que nunca<\/span><\/p>\n<p>[\/et_pb_text][\/et_pb_column][\/et_pb_row][et_pb_row use_custom_gutter=\u00bbon\u00bb gutter_width=\u00bb2&#8243; _builder_version=\u00bb4.27.0&#8243; _module_preset=\u00bbdefault\u00bb width=\u00bb85%\u00bb max_width=\u00bb85%\u00bb module_alignment=\u00bbcenter\u00bb custom_padding=\u00bb50px||0px||false|false\u00bb global_colors_info=\u00bb{}\u00bb][et_pb_column type=\u00bb4_4&#8243; _builder_version=\u00bb4.27.0&#8243; _module_preset=\u00bbdefault\u00bb global_colors_info=\u00bb{}\u00bb][et_pb_text _builder_version=\u00bb4.27.0&#8243; _module_preset=\u00bbdefault\u00bb text_font_size=\u00bb16px\u00bb header_2_text_color=\u00bbgcid-e01cf729-0910-4c7d-8d8d-8f68b31be32d\u00bb global_colors_info=\u00bb{%22gcid-e01cf729-0910-4c7d-8d8d-8f68b31be32d%22:%91%22header_2_text_color%22%93}\u00bb]<\/p>\n<h2 style=\"text-align: justify; margin-bottom: 20px;\">\u00bfPorqu\u00e9 es importante una evaluaci\u00f3n inicial en est\u00e9tica facial?<\/h2>\n<p data-start=\"256\" data-end=\"697\">La evaluaci\u00f3n inicial es el primer paso para identificar los problemas y las zonas que necesitan tratamiento. De esta manera, logramos resultados seguros, naturales y personalizados. Durante esta instancia, el especialista analiza las caracter\u00edsticas \u00fanicas de cada rostro y, adem\u00e1s, considera los antecedentes de salud y las expectativas del paciente. Por lo tanto, puede dise\u00f1ar un plan que se adapte mejor a sus necesidades.<\/p>\n<p data-start=\"699\" data-end=\"971\">Asimismo, la sonrisa, la posici\u00f3n de los dientes y la armon\u00eda de los tejidos blandos influyen directamente en la est\u00e9tica facial. En consecuencia, un enfoque integral no solo embellece, sino que tambi\u00e9n potencia la salud y refuerza la confianza del paciente.<\/p>\n<h2 data-start=\"699\" data-end=\"971\">\u00a0<\/h2>\n<h2 data-start=\"699\" data-end=\"971\">Servicios de est\u00e9tica facial en Cl\u00ednica dental Versalles<\/h2>\n<p>[\/et_pb_text][\/et_pb_column][\/et_pb_row][et_pb_row column_structure=\u00bb1_3,1_3,1_3&#8243; use_custom_gutter=\u00bbon\u00bb gutter_width=\u00bb2&#8243; _builder_version=\u00bb4.27.0&#8243; _module_preset=\u00bbdefault\u00bb width=\u00bb85%\u00bb max_width=\u00bb85%\u00bb custom_padding=\u00bb30px||||false|false\u00bb global_colors_info=\u00bb{}\u00bb][et_pb_column type=\u00bb1_3&#8243; _builder_version=\u00bb4.16&#8243; _module_preset=\u00bbdefault\u00bb global_colors_info=\u00bb{}\u00bb][et_pb_image src=\u00bbhttps:\/\/www.clinicaversalles.cl\/CL\/wp-content\/uploads\/2025\/10\/mesoterapia-s.jpg\u00bb alt=\u00bbmujer en proceso de mesoterapia\u00bb title_text=\u00bbmesoterapia-s\u00bb url=\u00bb@ET-DC@eyJkeW5hbWljIjp0cnVlLCJjb250ZW50IjoicG9zdF9saW5rX3VybF9wYWdlIiwic2V0dGluZ3MiOnsicG9zdF9pZCI6IjM2MzgifX0=@\u00bb _builder_version=\u00bb4.27.0&#8243; _dynamic_attributes=\u00bburl\u00bb _module_preset=\u00bbdefault\u00bb hover_enabled=\u00bb0&#8243; global_colors_info=\u00bb{}\u00bb sticky_enabled=\u00bb0&#8243;][\/et_pb_image][et_pb_text _builder_version=\u00bb4.27.0&#8243; _dynamic_attributes=\u00bblink_option_url\u00bb _module_preset=\u00bbdefault\u00bb text_text_color=\u00bb#3B5277&#8243; header_2_font=\u00bb|||on|||||\u00bb header_2_text_color=\u00bbgcid-e01cf729-0910-4c7d-8d8d-8f68b31be32d\u00bb header_2_font_size=\u00bb20px\u00bb header_3_text_color=\u00bbgcid-e01cf729-0910-4c7d-8d8d-8f68b31be32d\u00bb custom_margin=\u00bb40px||||false|false\u00bb link_option_url=\u00bb@ET-DC@eyJkeW5hbWljIjp0cnVlLCJjb250ZW50IjoicG9zdF9saW5rX3VybF9wYWdlIiwic2V0dGluZ3MiOnsicG9zdF9pZCI6IjM2MzgifX0=@\u00bb global_colors_info=\u00bb{%22gcid-e01cf729-0910-4c7d-8d8d-8f68b31be32d%22:%91%22header_2_text_color%22,%22header_3_text_color%22%93}\u00bb]<\/p>\n<h3><strong>Beneficios de la Mesoterapia facial<\/strong><\/h3>\n<p>\u00bfSab\u00edas que existe un tratamiento capaz de llevar vitaminas, minerales y \u00e1cido hialur\u00f3nico directo a tu piel para hidratarla, rejuvenecerla y darle un aspecto m\u00e1s radiante? Descubre c\u00f3mo la mesoterapia facial puede transformar tu rostro.<\/p>\n<p>[\/et_pb_text][et_pb_button button_url=\u00bb@ET-DC@eyJkeW5hbWljIjp0cnVlLCJjb250ZW50IjoicG9zdF9saW5rX3VybF9wYWdlIiwic2V0dGluZ3MiOnsicG9zdF9pZCI6IjM2MzgifX0=@\u00bb button_text=\u00bbAprende m\u00e1s de Mesoterapia\u00bb button_alignment=\u00bbleft\u00bb _builder_version=\u00bb4.27.0&#8243; _dynamic_attributes=\u00bbbutton_url\u00bb _module_preset=\u00bbdefault\u00bb custom_button=\u00bbon\u00bb button_text_size=\u00bb14px\u00bb button_text_color=\u00bb#FFFFFF\u00bb button_bg_color=\u00bbgcid-e01cf729-0910-4c7d-8d8d-8f68b31be32d\u00bb button_border_radius=\u00bb21px\u00bb button_font=\u00bb|700|||||||\u00bb button_icon=\u00bb&#x24;||divi||400&#8243; custom_margin=\u00bb30px||||false|false\u00bb custom_padding=\u00bb|40px||40px|false|true\u00bb global_colors_info=\u00bb{%22gcid-e01cf729-0910-4c7d-8d8d-8f68b31be32d%22:%91%22button_bg_color%22,%22button_bg_color%22%93}\u00bb][\/et_pb_button][\/et_pb_column][et_pb_column type=\u00bb1_3&#8243; _builder_version=\u00bb4.16&#8243; _module_preset=\u00bbdefault\u00bb global_colors_info=\u00bb{}\u00bb][et_pb_image src=\u00bbhttps:\/\/www.clinicaversalles.cl\/CL\/wp-content\/uploads\/2025\/10\/prp-s.jpg\u00bb alt=\u00bbmujer tocando su rostro\u00bb title_text=\u00bbprp-s\u00bb url=\u00bb@ET-DC@eyJkeW5hbWljIjp0cnVlLCJjb250ZW50IjoicG9zdF9saW5rX3VybF9wYWdlIiwic2V0dGluZ3MiOnsicG9zdF9pZCI6IjM2NTMifX0=@\u00bb _builder_version=\u00bb4.27.0&#8243; _dynamic_attributes=\u00bburl\u00bb _module_preset=\u00bbdefault\u00bb hover_enabled=\u00bb0&#8243; global_colors_info=\u00bb{}\u00bb sticky_enabled=\u00bb0&#8243;][\/et_pb_image][et_pb_text _builder_version=\u00bb4.27.0&#8243; _dynamic_attributes=\u00bblink_option_url\u00bb _module_preset=\u00bbdefault\u00bb text_text_color=\u00bb#3B5277&#8243; header_2_font=\u00bb|||on|||||\u00bb header_2_text_color=\u00bbgcid-e01cf729-0910-4c7d-8d8d-8f68b31be32d\u00bb header_2_font_size=\u00bb20px\u00bb header_3_text_color=\u00bbgcid-e01cf729-0910-4c7d-8d8d-8f68b31be32d\u00bb custom_margin=\u00bb40px||||false|false\u00bb link_option_url=\u00bb@ET-DC@eyJkeW5hbWljIjp0cnVlLCJjb250ZW50IjoicG9zdF9saW5rX3VybF9wYWdlIiwic2V0dGluZ3MiOnsicG9zdF9pZCI6IjM2NTMifX0=@\u00bb global_colors_info=\u00bb{%22gcid-e01cf729-0910-4c7d-8d8d-8f68b31be32d%22:%91%22header_2_text_color%22,%22header_3_text_color%22%93}\u00bb]<\/p>\n<h3 style=\"text-align: left;\"><strong>Rejuvenece tu piel con PRP Facial<\/strong><\/h3>\n<p style=\"text-align: left;\"><span>\u00bfSab\u00edas que tu propia sangre puede convertirse en un potente aliado para rejuvenecer tu piel? El PRP facial estimula col\u00e1geno y elastina, mejora la firmeza y luminosidad del rostro, y lo hace de forma 100% natural y segura.<\/span><\/p>\n<p>[\/et_pb_text][et_pb_button button_url=\u00bb@ET-DC@eyJkeW5hbWljIjp0cnVlLCJjb250ZW50IjoicG9zdF9saW5rX3VybF9wYWdlIiwic2V0dGluZ3MiOnsicG9zdF9pZCI6IjM2NTMifX0=@\u00bb button_text=\u00bbDescubre c\u00f3mo funciona\u00bb button_alignment=\u00bbleft\u00bb _builder_version=\u00bb4.27.0&#8243; _dynamic_attributes=\u00bbbutton_url\u00bb _module_preset=\u00bbdefault\u00bb custom_button=\u00bbon\u00bb button_text_size=\u00bb14px\u00bb button_text_color=\u00bb#FFFFFF\u00bb button_bg_color=\u00bbgcid-e01cf729-0910-4c7d-8d8d-8f68b31be32d\u00bb button_border_radius=\u00bb21px\u00bb button_font=\u00bb|700|||||||\u00bb button_icon=\u00bb&#x24;||divi||400&#8243; custom_margin=\u00bb30px||||false|false\u00bb custom_padding=\u00bb|40px||40px|false|true\u00bb global_colors_info=\u00bb{%22gcid-e01cf729-0910-4c7d-8d8d-8f68b31be32d%22:%91%22button_bg_color%22,%22button_bg_color%22,%22button_bg_color%22%93}\u00bb][\/et_pb_button][\/et_pb_column][et_pb_column type=\u00bb1_3&#8243; _builder_version=\u00bb4.16&#8243; _module_preset=\u00bbdefault\u00bb global_colors_info=\u00bb{}\u00bb][et_pb_image src=\u00bbhttps:\/\/www.clinicaversalles.cl\/CL\/wp-content\/uploads\/2025\/10\/botox-s.jpg\u00bb alt=\u00bbaplicaci\u00f3n de botox\u00bb title_text=\u00bbbotox-s\u00bb url=\u00bb@ET-DC@eyJkeW5hbWljIjp0cnVlLCJjb250ZW50IjoicG9zdF9saW5rX3VybF9wYWdlIiwic2V0dGluZ3MiOnsicG9zdF9pZCI6IjM2NjMifX0=@\u00bb _builder_version=\u00bb4.27.0&#8243; _dynamic_attributes=\u00bburl\u00bb _module_preset=\u00bbdefault\u00bb hover_enabled=\u00bb0&#8243; global_colors_info=\u00bb{}\u00bb sticky_enabled=\u00bb0&#8243;][\/et_pb_image][et_pb_text _builder_version=\u00bb4.27.0&#8243; _dynamic_attributes=\u00bblink_option_url\u00bb _module_preset=\u00bbdefault\u00bb text_text_color=\u00bb#3B5277&#8243; header_2_font=\u00bb|||on|||||\u00bb header_2_text_color=\u00bbgcid-e01cf729-0910-4c7d-8d8d-8f68b31be32d\u00bb header_2_font_size=\u00bb20px\u00bb header_3_text_color=\u00bbgcid-e01cf729-0910-4c7d-8d8d-8f68b31be32d\u00bb custom_margin=\u00bb40px||||false|false\u00bb link_option_url=\u00bb@ET-DC@eyJkeW5hbWljIjp0cnVlLCJjb250ZW50IjoicG9zdF9saW5rX3VybF9wYWdlIiwic2V0dGluZ3MiOnsicG9zdF9pZCI6IjM2NjMifX0=@\u00bb global_colors_info=\u00bb{%22gcid-e01cf729-0910-4c7d-8d8d-8f68b31be32d%22:%91%22header_2_text_color%22,%22header_3_text_color%22%93}\u00bb]<\/p>\n<h3><strong>Toxina Botul\u00ednica: Un aliado para el rejuvenecimiento facial<\/strong><\/h3>\n<p><span>\u00bfSab\u00edas que existe un tratamiento capaz de suavizar arrugas y l\u00edneas de expresi\u00f3n sin alterar la naturalidad de tu rostro? Descubre c\u00f3mo la toxina botul\u00ednica logra un aspecto fresco y rejuvenecido.<\/span><\/p>\n<p>[\/et_pb_text][et_pb_button button_url=\u00bb@ET-DC@eyJkeW5hbWljIjp0cnVlLCJjb250ZW50IjoicG9zdF9saW5rX3VybF9wYWdlIiwic2V0dGluZ3MiOnsicG9zdF9pZCI6IjM2NjMifX0=@\u00bb button_text=\u00bbExplora sus beneficios\u00bb button_alignment=\u00bbleft\u00bb _builder_version=\u00bb4.27.0&#8243; _dynamic_attributes=\u00bbbutton_url\u00bb _module_preset=\u00bbdefault\u00bb custom_button=\u00bbon\u00bb button_text_size=\u00bb14px\u00bb button_text_color=\u00bb#FFFFFF\u00bb button_bg_color=\u00bbgcid-e01cf729-0910-4c7d-8d8d-8f68b31be32d\u00bb button_border_radius=\u00bb21px\u00bb button_font=\u00bb|700|||||||\u00bb button_icon=\u00bb&#x24;||divi||400&#8243; custom_margin=\u00bb30px||||false|false\u00bb custom_padding=\u00bb|40px||40px|false|true\u00bb global_colors_info=\u00bb{%22gcid-e01cf729-0910-4c7d-8d8d-8f68b31be32d%22:%91%22button_bg_color%22,%22button_bg_color%22,%22button_bg_color%22,%22button_bg_color%22%93}\u00bb][\/et_pb_button][\/et_pb_column][\/et_pb_row][\/et_pb_section][et_pb_section fb_built=\u00bb1&#8243; custom_padding_last_edited=\u00bbon|phone\u00bb admin_label=\u00bbSomos Versalles\u00bb _builder_version=\u00bb4.16&#8243; _module_preset=\u00bbdefault\u00bb background_color=\u00bbrgba(213,213,213,0.24)\u00bb custom_padding=\u00bb130px||99px|||\u00bb custom_padding_tablet=\u00bb\u00bb custom_padding_phone=\u00bb70px||40px||false|false\u00bb collapsed=\u00bbon\u00bb global_colors_info=\u00bb{}\u00bb][et_pb_row column_structure=\u00bb1_2,1_2&#8243; _builder_version=\u00bb4.16&#8243; _module_preset=\u00bbdefault\u00bb width=\u00bb85%\u00bb max_width=\u00bb85%\u00bb custom_padding=\u00bb||10px||false|false\u00bb border_width_bottom=\u00bb1px\u00bb border_color_bottom=\u00bb#3B5277&#8243; global_colors_info=\u00bb{}\u00bb][et_pb_column type=\u00bb1_2&#8243; _builder_version=\u00bb4.16&#8243; _module_preset=\u00bbdefault\u00bb global_colors_info=\u00bb{}\u00bb][et_pb_text content_tablet=\u00bb\u00bb content_phone=\u00bb<\/p>\n<h2 style=%22text-align: center;%22>Somos Versalles<\/h2>\n<p>\u00bb content_last_edited=\u00bbon|phone\u00bb _builder_version=\u00bb4.27.0&#8243; _dynamic_attributes=\u00bblink_option_url\u00bb _module_preset=\u00bbdefault\u00bb text_font=\u00bb|800||on|||||\u00bb header_font=\u00bb||||||||\u00bb header_2_font=\u00bb|800||on|||||\u00bb header_2_text_color=\u00bb#3B5277&#8243; header_2_letter_spacing=\u00bb2px\u00bb header_3_font=\u00bb|800||on|||||\u00bb header_3_text_align=\u00bbleft\u00bb header_3_text_color=\u00bbgcid-e01cf729-0910-4c7d-8d8d-8f68b31be32d\u00bb header_3_font_size=\u00bb26px\u00bb header_3_letter_spacing=\u00bb2px\u00bb link_option_url=\u00bb@ET-DC@eyJkeW5hbWljIjp0cnVlLCJjb250ZW50IjoicG9zdF9saW5rX3VybF9wYWdlIiwic2V0dGluZ3MiOnsicG9zdF9pZCI6IjEwMCJ9fQ==@\u00bb global_colors_info=\u00bb{%22gcid-e01cf729-0910-4c7d-8d8d-8f68b31be32d%22:%91%22header_3_text_color%22%93}\u00bb]<\/p>\n<h3>Somos Versalles dental<\/h3>\n<p>[\/et_pb_text][\/et_pb_column][et_pb_column type=\u00bb1_2&#8243; _builder_version=\u00bb4.16&#8243; _module_preset=\u00bbdefault\u00bb global_colors_info=\u00bb{}\u00bb][et_pb_text content_tablet=\u00bb\u00bb content_phone=\u00bb<\/p>\n<p style=%22text-align: center;%22>Temas de \u00ednteres<\/p>\n<p>\u00bb content_last_edited=\u00bbon|phone\u00bb _builder_version=\u00bb4.27.0&#8243; _module_preset=\u00bbdefault\u00bb text_text_color=\u00bb#3B5277&#8243; text_font_size=\u00bb18px\u00bb global_colors_info=\u00bb{}\u00bb]<\/p>\n<p style=\"text-align: right;\">Temas dentales de \u00ednteres<\/p>\n<p>[\/et_pb_text][\/et_pb_column][\/et_pb_row][et_pb_row _builder_version=\u00bb4.16&#8243; _module_preset=\u00bbdefault\u00bb width=\u00bb85%\u00bb max_width=\u00bb85%\u00bb custom_padding=\u00bb71px|||||\u00bb global_colors_info=\u00bb{}\u00bb][et_pb_column type=\u00bb4_4&#8243; _builder_version=\u00bb4.16&#8243; _module_preset=\u00bbdefault\u00bb global_colors_info=\u00bb{}\u00bb][et_pb_blog fullwidth=\u00bboff\u00bb posts_number=\u00bb3&#8243; include_categories=\u00bb6&#8243; show_author=\u00bboff\u00bb show_date=\u00bboff\u00bb show_categories=\u00bboff\u00bb show_pagination=\u00bboff\u00bb _builder_version=\u00bb4.27.0&#8243; _module_preset=\u00bbdefault\u00bb header_level=\u00bbh4&#8243; header_font=\u00bb||||||||\u00bb header_text_color=\u00bb#3B5277&#8243; header_font_size=\u00bb18px\u00bb meta_font=\u00bb|600|||||||\u00bb meta_text_color=\u00bb#3B5277&#8243; global_colors_info=\u00bb{}\u00bb custom_css_main_element_last_edited=\u00bbon|phone\u00bb custom_css_main_element_tablet=\u00bbcolumns: 2 200px;||column-gap: 2em;||column-rule: 1px dotted #ddd;||height:auto;\u00bb custom_css_main_element_phone=\u00bbcolumns: 1 auto;||column-gap: 2em;||column-rule: 1px dotted #ddd;||height:auto\u00bb][\/et_pb_blog][et_pb_button button_url=\u00bb@ET-DC@eyJkeW5hbWljIjp0cnVlLCJjb250ZW50IjoicG9zdF9saW5rX3VybF9wYWdlIiwic2V0dGluZ3MiOnsicG9zdF9pZCI6IjEwMCJ9fQ==@\u00bb button_text=\u00bbVer todos los temas\u00bb button_alignment=\u00bbcenter\u00bb _builder_version=\u00bb4.16&#8243; _dynamic_attributes=\u00bbbutton_url\u00bb _module_preset=\u00bbdefault\u00bb custom_button=\u00bbon\u00bb button_text_color=\u00bb#FFFFFF\u00bb button_bg_color=\u00bb#3B5277&#8243; button_border_width=\u00bb0px\u00bb button_border_radius=\u00bb30px\u00bb custom_margin=\u00bb100px||||false|false\u00bb custom_margin_tablet=\u00bb\u00bb custom_margin_phone=\u00bb\u00bb custom_margin_last_edited=\u00bbon|phone\u00bb custom_padding=\u00bb|50px||50px|false|true\u00bb global_colors_info=\u00bb{}\u00bb][\/et_pb_button][\/et_pb_column][\/et_pb_row][\/et_pb_section][et_pb_section fb_built=\u00bb1&#8243; custom_padding_last_edited=\u00bbon|tablet\u00bb admin_label=\u00bbConvenios\u00bb _builder_version=\u00bb4.16&#8243; _module_preset=\u00bbdefault\u00bb custom_padding=\u00bb171px||115px|||\u00bb custom_padding_tablet=\u00bb80px||40px||false|false\u00bb custom_padding_phone=\u00bb\u00bb collapsed=\u00bbon\u00bb global_colors_info=\u00bb{}\u00bb][et_pb_row column_structure=\u00bb1_2,1_2&#8243; admin_label=\u00bbTitulo convenios\u00bb _builder_version=\u00bb4.16&#8243; _module_preset=\u00bbdefault\u00bb width=\u00bb85%\u00bb max_width=\u00bb85%\u00bb custom_padding=\u00bb||10px||false|false\u00bb border_width_bottom=\u00bb1px\u00bb border_color_bottom=\u00bb#3B5277&#8243; global_colors_info=\u00bb{}\u00bb][et_pb_column type=\u00bb1_2&#8243; _builder_version=\u00bb4.16&#8243; _module_preset=\u00bbdefault\u00bb global_colors_info=\u00bb{}\u00bb custom_css_main_element_last_edited=\u00bbon|tablet\u00bb custom_css_main_element_tablet=\u00bbwidth:50%;\u00bb custom_css_main_element_phone=\u00bbwidth:100%;\u00bb][et_pb_text content_tablet=\u00bb\u00bb content_phone=\u00bb<\/p>\n<h2 style=%22text-align: center;%22>Convenios<\/h2>\n<p>\u00bb content_last_edited=\u00bbon|phone\u00bb _builder_version=\u00bb4.27.0&#8243; _module_preset=\u00bbdefault\u00bb text_font=\u00bb|800||on|||||\u00bb header_font=\u00bb||||||||\u00bb header_text_align=\u00bbcenter\u00bb header_2_font=\u00bb|800||on|||||\u00bb header_2_text_color=\u00bb#3B5277&#8243; header_2_letter_spacing=\u00bb2px\u00bb header_3_font=\u00bb|800||on|||||\u00bb header_3_text_color=\u00bbgcid-e01cf729-0910-4c7d-8d8d-8f68b31be32d\u00bb header_3_font_size=\u00bb26px\u00bb header_3_letter_spacing=\u00bb2px\u00bb width_tablet=\u00bbauto\u00bb width_phone=\u00bbauto\u00bb width_last_edited=\u00bbon|tablet\u00bb max_width_tablet=\u00bb\u00bb max_width_phone=\u00bb\u00bb max_width_last_edited=\u00bbon|tablet\u00bb module_alignment_tablet=\u00bb\u00bb module_alignment_phone=\u00bbcenter\u00bb module_alignment_last_edited=\u00bbon|tablet\u00bb global_colors_info=\u00bb{%22gcid-e01cf729-0910-4c7d-8d8d-8f68b31be32d%22:%91%22header_3_text_color%22%93}\u00bb custom_css_main_element_last_edited=\u00bbon|tablet\u00bb]<\/p>\n<h3>Convenios dentales<\/h3>\n<p>[\/et_pb_text][\/et_pb_column][et_pb_column type=\u00bb1_2&#8243; _builder_version=\u00bb4.16&#8243; _module_preset=\u00bbdefault\u00bb custom_css_main_element=\u00bbwidth:50%;\u00bb global_colors_info=\u00bb{}\u00bb custom_css_main_element_last_edited=\u00bbon|phone\u00bb custom_css_main_element_phone=\u00bbwidth:100%;\u00bb custom_css_main_element_tablet=\u00bbwidth:50%;\u00bb][et_pb_text content_tablet=\u00bb\u00bb content_phone=\u00bb<\/p>\n<p style=%22text-align: center;%22>Nos importa que tengas los mejores beneficios.<\/p>\n<p>\u00bb content_last_edited=\u00bbon|phone\u00bb _builder_version=\u00bb4.27.0&#8243; _module_preset=\u00bbdefault\u00bb text_text_color=\u00bb#3B5277&#8243; text_font_size=\u00bb18px\u00bb width_tablet=\u00bbauto\u00bb width_phone=\u00bb\u00bb width_last_edited=\u00bbon|tablet\u00bb max_width_tablet=\u00bb\u00bb max_width_phone=\u00bb\u00bb max_width_last_edited=\u00bbon|tablet\u00bb text_font_size_tablet=\u00bb16px\u00bb text_font_size_phone=\u00bb\u00bb text_font_size_last_edited=\u00bbon|tablet\u00bb module_alignment_tablet=\u00bb\u00bb module_alignment_phone=\u00bb\u00bb module_alignment_last_edited=\u00bbon|desktop\u00bb global_colors_info=\u00bb{}\u00bb]<\/p>\n<p style=\"text-align: right;\">Nos importa que tengas los mejores beneficios dentales.<\/p>\n<p>[\/et_pb_text][\/et_pb_column][\/et_pb_row][et_pb_row custom_padding_last_edited=\u00bbon|phone\u00bb admin_label=\u00bblogos convenios\u00bb _builder_version=\u00bb4.16&#8243; _module_preset=\u00bbdefault\u00bb width=\u00bb85%\u00bb max_width=\u00bb85%\u00bb custom_padding=\u00bb84px|||||\u00bb custom_padding_tablet=\u00bb\u00bb custom_padding_phone=\u00bb40px||||false|false\u00bb global_colors_info=\u00bb{}\u00bb][et_pb_column type=\u00bb4_4&#8243; _builder_version=\u00bb4.16&#8243; _module_preset=\u00bbdefault\u00bb global_colors_info=\u00bb{}\u00bb][et_pb_blog posts_number=\u00bb6&#8243; include_categories=\u00bb2&#8243; use_manual_excerpt=\u00bboff\u00bb show_author=\u00bboff\u00bb show_date=\u00bboff\u00bb show_categories=\u00bboff\u00bb show_excerpt=\u00bboff\u00bb show_pagination=\u00bboff\u00bb _builder_version=\u00bb4.16&#8243; _module_preset=\u00bbdefault\u00bb header_text_color=\u00bb#8C8C8C\u00bb custom_css_main_element=\u00bbcolumn-count:6;||column-gap:50px;\u00bb custom_css_title=\u00bbdisplay:none;\u00bb border_width_all=\u00bb0px\u00bb border_style_all=\u00bbnone\u00bb global_colors_info=\u00bb{}\u00bb custom_css_main_element_last_edited=\u00bbon|phone\u00bb custom_css_main_element_tablet=\u00bbcolumn-count:4;||column-gap:10px;\u00bb custom_css_main_element_phone=\u00bbcolumn-count:2;||||\u00bb custom_css_featured_image_last_edited=\u00bbon|phone\u00bb custom_css_featured_image_phone=\u00bbwidth:100%;||\u00bb][\/et_pb_blog][\/et_pb_column][\/et_pb_row][\/et_pb_section]<\/p>\n","protected":false},"excerpt":{"rendered":"<p>Rejuvenece tu piel con tratamientosque hidratan, revitalizan y suavizanEst\u00e9tica FacialTu rostro, m\u00e1s radiante que nunca\u00bfPorqu\u00e9 es importante una evaluaci\u00f3n inicial en est\u00e9tica facial? La evaluaci\u00f3n inicial es el primer paso para identificar los problemas y las zonas que necesitan tratamiento. De esta manera, logramos resultados seguros, naturales y personalizados. Durante esta instancia, el especialista analiza [&hellip;]<\/p>\n","protected":false},"author":1,"featured_media":0,"parent":0,"menu_order":0,"comment_status":"closed","ping_status":"closed","template":"","meta":{"_et_pb_use_builder":"on","_et_pb_old_content":"","_et_gb_content_width":"","footnotes":""},"class_list":["post-3606","page","type-page","status-publish","hentry"],"aioseo_notices":[],"_links":{"self":[{"href":"https:\/\/www.clinicaversalles.cl\/CL\/wp-json\/wp\/v2\/pages\/3606","targetHints":{"allow":["GET"]}}],"collection":[{"href":"https:\/\/www.clinicaversalles.cl\/CL\/wp-json\/wp\/v2\/pages"}],"about":[{"href":"https:\/\/www.clinicaversalles.cl\/CL\/wp-json\/wp\/v2\/types\/page"}],"author":[{"embeddable":true,"href":"https:\/\/www.clinicaversalles.cl\/CL\/wp-json\/wp\/v2\/users\/1"}],"replies":[{"embeddable":true,"href":"https:\/\/www.clinicaversalles.cl\/CL\/wp-json\/wp\/v2\/comments?post=3606"}],"version-history":[{"count":23,"href":"https:\/\/www.clinicaversalles.cl\/CL\/wp-json\/wp\/v2\/pages\/3606\/revisions"}],"predecessor-version":[{"id":3686,"href":"https:\/\/www.clinicaversalles.cl\/CL\/wp-json\/wp\/v2\/pages\/3606\/revisions\/3686"}],"wp:attachment":[{"href":"https:\/\/www.clinicaversalles.cl\/CL\/wp-json\/wp\/v2\/media?parent=3606"}],"curies":[{"name":"wp","href":"https:\/\/api.w.org\/{rel}","templated":true}]}}