{"id":48,"date":"2021-03-04T14:45:18","date_gmt":"2021-03-04T14:45:18","guid":{"rendered":"http:\/\/www.beckhaus.cl\/versalles\/?page_id=48"},"modified":"2025-09-25T14:33:27","modified_gmt":"2025-09-25T14:33:27","slug":"contacto","status":"publish","type":"page","link":"https:\/\/www.clinicaversalles.cl\/CL\/contacto\/","title":{"rendered":"Contacto"},"content":{"rendered":"<p>[et_pb_section fb_built=\u00bb1&#8243; fullwidth=\u00bbon\u00bb admin_label=\u00bbSlider inicial\u00bb _builder_version=\u00bb4.16&#8243; _module_preset=\u00bbdefault\u00bb custom_margin=\u00bb-183px||||false|false\u00bb global_colors_info=\u00bb{}\u00bb][et_pb_fullwidth_slider _builder_version=\u00bb4.16&#8243; _module_preset=\u00bbdefault\u00bb global_colors_info=\u00bb{}\u00bb][et_pb_slide _builder_version=\u00bb4.16&#8243; _module_preset=\u00bbdefault\u00bb body_text_color=\u00bb#3B5277&#8243; body_font_size=\u00bb24px\u00bb background_enable_color=\u00bboff\u00bb background_image=\u00bbhttps:\/\/www.clinicaversalles.cl\/CL\/wp-content\/uploads\/2021\/04\/Profesionales-versalles.jpg\u00bb background_enable_image=\u00bbon\u00bb width=\u00bb100%\u00bb max_width=\u00bb100%\u00bb custom_padding=\u00bb||||false|false\u00bb custom_css_main_element=\u00bbheight:544px !important;\u00bb custom_css_slide_description=\u00bbbackground-color:rgba(255,255,255,0.7);||width:50%;||text-shadow:none;||margin:180px auto 0px;;||padding:20px;||||\u00bb global_colors_info=\u00bb{%22gcid-ec591040-d9a4-477e-92f0-1ec71642add3%22:%91%93}\u00bb sticky_transition=\u00bbon\u00bb]<\/p>\n<p>Respondemos todas tus inquietudes<\/p>\n<p>[\/et_pb_slide][\/et_pb_fullwidth_slider][\/et_pb_section][et_pb_section fb_built=\u00bb1&#8243; _builder_version=\u00bb4.16&#8243; _module_preset=\u00bbdefault\u00bb global_colors_info=\u00bb{}\u00bb][et_pb_row column_structure=\u00bb1_2,1_2&#8243; _builder_version=\u00bb4.16&#8243; _module_preset=\u00bbdefault\u00bb global_colors_info=\u00bb{}\u00bb][et_pb_column type=\u00bb1_2&#8243; _builder_version=\u00bb4.16&#8243; _module_preset=\u00bbdefault\u00bb global_colors_info=\u00bb{}\u00bb][et_pb_text _builder_version=\u00bb4.27.0&#8243; _module_preset=\u00bbdefault\u00bb global_colors_info=\u00bb{}\u00bb]<\/p>\n<h1>\u00a1Queremos verte sonre\u00edr! \ud83d\ude0a<\/h1>\n<p>&nbsp;<\/p>\n<p>En Cl\u00ednica dental Versalles, sabemos lo importante que es contar con un equipo de especialistas de confianza para el cuidado de tu salud dental. Ya sea que necesites una evaluaci\u00f3n, agendar un tratamiento o simplemente resolver tus dudas, estamos aqu\u00ed para ayudarte.<\/p>\n<p>Completa el formulario con tus datos y en breve nos pondremos en contacto contigo para entregarte toda la informaci\u00f3n que necesites. Nuestro equipo est\u00e1 comprometido en brindarte una atenci\u00f3n cercana, profesional y personalizada, asegurando que cada visita sea una experiencia c\u00f3moda y segura.<\/p>\n<p>\ud83d\udccd Nos encontramos en la comuna de Las Condes, en un espacio dise\u00f1ado para tu comodidad, con tecnolog\u00eda de \u00faltima generaci\u00f3n y los mejores tratamientos para el bienestar de tu sonrisa.<\/p>\n<p>D\u00e9janos tus datos y perm\u00edtenos acompa\u00f1arte en el camino hacia una salud bucal \u00f3ptima. \u00a1Esperamos saber de ti pronto! \ud83d\udc99<\/p>\n<p>[\/et_pb_text][et_pb_button button_url=\u00bbhttps:\/\/134adde734cce4e6154639927d8007b44d911f36.agenda.softwaredentalink.com\/agendas\/agendamiento\u00bb url_new_window=\u00bbon\u00bb button_text=\u00bbReserva una hora\u00bb button_alignment=\u00bbleft\u00bb module_class=\u00bbreserva\u00bb _builder_version=\u00bb4.19.0&#8243; _module_preset=\u00bbdefault\u00bb custom_button=\u00bbon\u00bb button_text_size=\u00bb13px\u00bb button_text_color=\u00bb#3B5277&#8243; button_bg_color=\u00bb#FFE000&#8243; button_border_width=\u00bb0px\u00bb button_border_radius=\u00bb20px\u00bb button_font=\u00bb|700||on|||||\u00bb button_use_icon=\u00bboff\u00bb custom_margin=\u00bb||10px|||\u00bb custom_padding=\u00bb|40px||40px|false|true\u00bb locked=\u00bboff\u00bb global_colors_info=\u00bb{}\u00bb][\/et_pb_button][\/et_pb_column][et_pb_column type=\u00bb1_2&#8243; _builder_version=\u00bb4.16&#8243; _module_preset=\u00bbdefault\u00bb global_colors_info=\u00bb{}\u00bb][et_pb_text _builder_version=\u00bb4.19.0&#8243; _module_preset=\u00bbdefault\u00bb header_4_text_color=\u00bbgcid-e01cf729-0910-4c7d-8d8d-8f68b31be32d\u00bb custom_margin=\u00bb||17px|||\u00bb global_colors_info=\u00bb{%22gcid-e01cf729-0910-4c7d-8d8d-8f68b31be32d%22:%91%22header_4_text_color%22%93}\u00bb]<\/p>\n<h4 style=\"line-height: 150%;\"><strong>Puedes reservar una hora, contactarnos v\u00eda whatsapp, formulario de contacto o llamando al +56 22 2337 223<\/strong><\/h4>\n<p>[\/et_pb_text][et_pb_button button_url=\u00bbhttps:\/\/wa.link\/cw2itj\u00bb url_new_window=\u00bbon\u00bb button_text=\u00bbAGENDA EN SEDE EL GOLF V\u00cdA WHATSAPP\u00bb button_alignment=\u00bbleft\u00bb module_class=\u00bbwsp\u00bb _builder_version=\u00bb4.27.0&#8243; _module_preset=\u00bbdefault\u00bb custom_button=\u00bbon\u00bb button_text_size=\u00bb12px\u00bb button_text_color=\u00bb#FFFFFF\u00bb button_bg_color=\u00bb#3fd300&#8243; button_border_width=\u00bb0px\u00bb button_border_radius=\u00bb20px\u00bb button_font=\u00bb|700||on|||||\u00bb button_use_icon=\u00bboff\u00bb custom_margin=\u00bb0px||10px||false|false\u00bb custom_padding=\u00bb|40px||40px|false|true\u00bb locked=\u00bboff\u00bb global_colors_info=\u00bb{}\u00bb][\/et_pb_button][et_pb_button button_url=\u00bbhttps:\/\/wa.link\/5xcecx\u00bb url_new_window=\u00bbon\u00bb button_text=\u00bbAGENDA EN SEDE LOS DOMINICOS V\u00cdA WHATSAPP\u00bb button_alignment=\u00bbleft\u00bb module_class=\u00bbwsp\u00bb _builder_version=\u00bb4.27.0&#8243; _module_preset=\u00bbdefault\u00bb custom_button=\u00bbon\u00bb button_text_size=\u00bb12px\u00bb button_text_color=\u00bb#FFFFFF\u00bb button_bg_color=\u00bb#3fd300&#8243; button_border_width=\u00bb0px\u00bb button_border_radius=\u00bb20px\u00bb button_font=\u00bb|700||on|||||\u00bb button_use_icon=\u00bboff\u00bb custom_margin=\u00bb0px||||false|false\u00bb custom_padding=\u00bb|40px||40px|false|true\u00bb locked=\u00bboff\u00bb global_colors_info=\u00bb{}\u00bb][\/et_pb_button][et_pb_contact_form captcha=\u00bboff\u00bb email=\u00bbenorambuena@clinicaversalles.cl\u00bb custom_message=\u00bbNombre de contacto: %%name%%||et_pb_line_break_holder||Email: %%Email%%||et_pb_line_break_holder||Tel\u00e9fono: %%telefono%%||et_pb_line_break_holder||Mensaje: %%message%%\u00bb success_message=\u00bbMuchas gracias por contactarte con nosotros\u00bb submit_button_text=\u00bbEnviar\u00bb _builder_version=\u00bb4.18.0&#8243; _module_preset=\u00bbdefault\u00bb _unique_id=\u00bbeca65e71-5b91-4748-a339-0f928f70f23d\u00bb custom_button=\u00bbon\u00bb button_text_size=\u00bb21px\u00bb button_text_color=\u00bb#FFFFFF\u00bb button_bg_color=\u00bb#3B5277&#8243; button_border_width=\u00bb0px\u00bb button_custom_margin=\u00bb||||false|false\u00bb global_colors_info=\u00bb{%22gcid-ec591040-d9a4-477e-92f0-1ec71642add3%22:%91%93}\u00bb][et_pb_contact_field field_id=\u00bbName\u00bb field_title=\u00bbNombre\u00bb fullwidth_field=\u00bbon\u00bb _builder_version=\u00bb4.16&#8243; global_colors_info=\u00bb{}\u00bb button_text_size__hover_enabled=\u00bboff\u00bb button_one_text_size__hover_enabled=\u00bboff\u00bb button_two_text_size__hover_enabled=\u00bboff\u00bb button_text_color__hover_enabled=\u00bboff\u00bb button_one_text_color__hover_enabled=\u00bboff\u00bb button_two_text_color__hover_enabled=\u00bboff\u00bb button_border_width__hover_enabled=\u00bboff\u00bb button_one_border_width__hover_enabled=\u00bboff\u00bb button_two_border_width__hover_enabled=\u00bboff\u00bb button_border_color__hover_enabled=\u00bboff\u00bb button_one_border_color__hover_enabled=\u00bboff\u00bb button_two_border_color__hover_enabled=\u00bboff\u00bb button_border_radius__hover_enabled=\u00bboff\u00bb button_one_border_radius__hover_enabled=\u00bboff\u00bb button_two_border_radius__hover_enabled=\u00bboff\u00bb button_letter_spacing__hover_enabled=\u00bboff\u00bb button_one_letter_spacing__hover_enabled=\u00bboff\u00bb button_two_letter_spacing__hover_enabled=\u00bboff\u00bb button_bg_color__hover_enabled=\u00bboff\u00bb button_one_bg_color__hover_enabled=\u00bboff\u00bb button_two_bg_color__hover_enabled=\u00bboff\u00bb][\/et_pb_contact_field][et_pb_contact_field field_id=\u00bbEmail\u00bb field_title=\u00bbEmail\u00bb field_type=\u00bbemail\u00bb _builder_version=\u00bb4.16&#8243; global_colors_info=\u00bb{}\u00bb button_text_size__hover_enabled=\u00bboff\u00bb button_one_text_size__hover_enabled=\u00bboff\u00bb button_two_text_size__hover_enabled=\u00bboff\u00bb button_text_color__hover_enabled=\u00bboff\u00bb button_one_text_color__hover_enabled=\u00bboff\u00bb button_two_text_color__hover_enabled=\u00bboff\u00bb button_border_width__hover_enabled=\u00bboff\u00bb button_one_border_width__hover_enabled=\u00bboff\u00bb button_two_border_width__hover_enabled=\u00bboff\u00bb button_border_color__hover_enabled=\u00bboff\u00bb button_one_border_color__hover_enabled=\u00bboff\u00bb button_two_border_color__hover_enabled=\u00bboff\u00bb button_border_radius__hover_enabled=\u00bboff\u00bb button_one_border_radius__hover_enabled=\u00bboff\u00bb button_two_border_radius__hover_enabled=\u00bboff\u00bb button_letter_spacing__hover_enabled=\u00bboff\u00bb button_one_letter_spacing__hover_enabled=\u00bboff\u00bb button_two_letter_spacing__hover_enabled=\u00bboff\u00bb button_bg_color__hover_enabled=\u00bboff\u00bb button_one_bg_color__hover_enabled=\u00bboff\u00bb button_two_bg_color__hover_enabled=\u00bboff\u00bb][\/et_pb_contact_field][et_pb_contact_field field_id=\u00bbtelefono\u00bb field_title=\u00bbTel\u00e9fono\u00bb _builder_version=\u00bb4.16&#8243; _module_preset=\u00bbdefault\u00bb global_colors_info=\u00bb{}\u00bb][\/et_pb_contact_field][et_pb_contact_field field_id=\u00bbMessage\u00bb field_title=\u00bbMensaje\u00bb field_type=\u00bbtext\u00bb fullwidth_field=\u00bbon\u00bb _builder_version=\u00bb4.16&#8243; global_colors_info=\u00bb{}\u00bb button_text_size__hover_enabled=\u00bboff\u00bb button_one_text_size__hover_enabled=\u00bboff\u00bb button_two_text_size__hover_enabled=\u00bboff\u00bb button_text_color__hover_enabled=\u00bboff\u00bb button_one_text_color__hover_enabled=\u00bboff\u00bb button_two_text_color__hover_enabled=\u00bboff\u00bb button_border_width__hover_enabled=\u00bboff\u00bb button_one_border_width__hover_enabled=\u00bboff\u00bb button_two_border_width__hover_enabled=\u00bboff\u00bb button_border_color__hover_enabled=\u00bboff\u00bb button_one_border_color__hover_enabled=\u00bboff\u00bb button_two_border_color__hover_enabled=\u00bboff\u00bb button_border_radius__hover_enabled=\u00bboff\u00bb button_one_border_radius__hover_enabled=\u00bboff\u00bb button_two_border_radius__hover_enabled=\u00bboff\u00bb button_letter_spacing__hover_enabled=\u00bboff\u00bb button_one_letter_spacing__hover_enabled=\u00bboff\u00bb button_two_letter_spacing__hover_enabled=\u00bboff\u00bb button_bg_color__hover_enabled=\u00bboff\u00bb button_one_bg_color__hover_enabled=\u00bboff\u00bb button_two_bg_color__hover_enabled=\u00bboff\u00bb][\/et_pb_contact_field][\/et_pb_contact_form][et_pb_text _builder_version=\u00bb4.27.0&#8243; _module_preset=\u00bbdefault\u00bb global_colors_info=\u00bb{}\u00bb]<\/p>\n<p>Aprende m\u00e1s de como cuidarte en nuestra secci\u00f3n de <a href=\"https:\/\/www.clinicaversalles.cl\/somos-versalles\/\">temas de inter\u00e9s.<\/a><br \/>Si necesitas m\u00e1s ayuda puedes <a href=\"https:\/\/134adde734cce4e6154639927d8007b44d911f36.agenda.softwaredentalink.com\/agendas\/agendamiento\">agendar una hora.<\/a><\/p>\n<p>[\/et_pb_text][\/et_pb_column][\/et_pb_row][\/et_pb_section]<\/p>\n","protected":false},"excerpt":{"rendered":"<p>Respondemos todas tus inquietudes\u00a1Queremos verte sonre\u00edr! \ud83d\ude0a &nbsp; En Cl\u00ednica dental Versalles, sabemos lo importante que es contar con un equipo de especialistas de confianza para el cuidado de tu salud dental. Ya sea que necesites una evaluaci\u00f3n, agendar un tratamiento o simplemente resolver tus dudas, estamos aqu\u00ed para ayudarte. Completa el formulario con tus [&hellip;]<\/p>\n","protected":false},"author":1,"featured_media":0,"parent":0,"menu_order":0,"comment_status":"closed","ping_status":"closed","template":"","meta":{"_et_pb_use_builder":"on","_et_pb_old_content":"<!-- wp:divi\/placeholder \/-->","_et_gb_content_width":"","footnotes":""},"class_list":["post-48","page","type-page","status-publish","hentry"],"aioseo_notices":[],"_links":{"self":[{"href":"https:\/\/www.clinicaversalles.cl\/CL\/wp-json\/wp\/v2\/pages\/48","targetHints":{"allow":["GET"]}}],"collection":[{"href":"https:\/\/www.clinicaversalles.cl\/CL\/wp-json\/wp\/v2\/pages"}],"about":[{"href":"https:\/\/www.clinicaversalles.cl\/CL\/wp-json\/wp\/v2\/types\/page"}],"author":[{"embeddable":true,"href":"https:\/\/www.clinicaversalles.cl\/CL\/wp-json\/wp\/v2\/users\/1"}],"replies":[{"embeddable":true,"href":"https:\/\/www.clinicaversalles.cl\/CL\/wp-json\/wp\/v2\/comments?post=48"}],"version-history":[{"count":16,"href":"https:\/\/www.clinicaversalles.cl\/CL\/wp-json\/wp\/v2\/pages\/48\/revisions"}],"predecessor-version":[{"id":3564,"href":"https:\/\/www.clinicaversalles.cl\/CL\/wp-json\/wp\/v2\/pages\/48\/revisions\/3564"}],"wp:attachment":[{"href":"https:\/\/www.clinicaversalles.cl\/CL\/wp-json\/wp\/v2\/media?parent=48"}],"curies":[{"name":"wp","href":"https:\/\/api.w.org\/{rel}","templated":true}]}}